{"id":26,"date":"2025-11-07T19:18:12","date_gmt":"2025-11-07T19:18:12","guid":{"rendered":"https:\/\/lazymind.de\/?page_id=26"},"modified":"2025-11-08T13:57:02","modified_gmt":"2025-11-08T13:57:02","slug":"kontakt-2","status":"publish","type":"page","link":"https:\/\/lazymind.de\/index.php\/kontakt-2\/","title":{"rendered":"Kontakt"},"content":{"rendered":"<div class=\"wp-block-image is-style-default\">\n<figure class=\"aligncenter size-full is-resized\"><img loading=\"lazy\" decoding=\"async\" width=\"683\" height=\"683\" src=\"https:\/\/lazymind.de\/wp-content\/uploads\/2025\/11\/unnamed-2025-11-02T153739.133-edited.jpg\" alt=\"\" class=\"wp-image-283\" style=\"width:300px\" srcset=\"https:\/\/lazymind.de\/wp-content\/uploads\/2025\/11\/unnamed-2025-11-02T153739.133-edited.jpg 683w, https:\/\/lazymind.de\/wp-content\/uploads\/2025\/11\/unnamed-2025-11-02T153739.133-edited-300x300.jpg 300w, https:\/\/lazymind.de\/wp-content\/uploads\/2025\/11\/unnamed-2025-11-02T153739.133-edited-150x150.jpg 150w, https:\/\/lazymind.de\/wp-content\/uploads\/2025\/11\/unnamed-2025-11-02T153739.133-edited-600x600.jpg 600w\" sizes=\"auto, (max-width: 683px) 100vw, 683px\" \/><\/figure><\/div>\n\n\n<h1 class=\"wp-block-heading has-text-align-center\">Formular ausf\u00fcllen?<\/h1>\n\n\n\n<h2 class=\"wp-block-heading has-text-align-center\">Das z\u00e4hlt schon als Produktivit\u00e4t.<\/h2>\n\n\n\n<div class=\"wp-block-group\"><div class=\"wp-block-group__inner-container is-layout-flow wp-block-group-is-layout-flow\">\n<div id=\"wp-block-themeisle-blocks-form-a6e8aff2\" class=\"wp-block-themeisle-blocks-form\" data-option-name=\"bf9b28ff82ce323187abc5d0feb0d8f07ecd8436_a6e8aff2\"><form class=\"otter-form__container\">\n<div id=\"wp-block-themeisle-blocks-form-input-85b5539d\" class=\"wp-block-themeisle-blocks-form-input\"><label for=\"wp-block-themeisle-blocks-form-input-85b5539d-input\" class=\"otter-form-input-label\"><span class=\"otter-form-input-label__label\">Name<\/span><span class=\"required\">*<\/span><\/label><input type=\"text\" id=\"wp-block-themeisle-blocks-form-input-85b5539d-input\" required class=\"otter-form-input\"\/><\/div>\n\n\n\n<div id=\"wp-block-themeisle-blocks-form-input-e17eb21f\" class=\"wp-block-themeisle-blocks-form-input\"><label for=\"wp-block-themeisle-blocks-form-input-e17eb21f-input\" class=\"otter-form-input-label\"><span class=\"otter-form-input-label__label\">E-Mail<\/span><span class=\"required\">*<\/span><\/label><input type=\"email\" id=\"wp-block-themeisle-blocks-form-input-e17eb21f-input\" required class=\"otter-form-input\"\/><\/div>\n\n\n<div class=\"protection\" aria-hidden=\"true\"><input type=\"hidden\" id=\"wp-block-themeisle-blocks-form-a6e8aff2_nonce_field\" name=\"wp-block-themeisle-blocks-form-a6e8aff2_nonce_field\" value=\"e6d875d774\" \/><input type=\"hidden\" name=\"_wp_http_referer\" value=\"\/index.php\/wp-json\/wp\/v2\/pages\/26\" \/><input class=\"o-anti-bot\" type=\"checkbox\"><\/div>\n\n\n<div id=\"wp-block-themeisle-blocks-form-textarea-f5ba8002\" class=\"wp-block-themeisle-blocks-form-textarea\"><label for=\"wp-block-themeisle-blocks-form-textarea-f5ba8002-input\" class=\"otter-form-textarea-label\"><span class=\"otter-form-textarea-label__label\">Nachricht<\/span><\/label><textarea id=\"wp-block-themeisle-blocks-form-textarea-f5ba8002-input\" rows=\"10\" class=\"otter-form-textarea-input\"><\/textarea><\/div>\n\n\n\n<p class=\"has-extra-small-font-size\">Mit dem Absenden dieses Formulars erkl\u00e4rst du dich einverstanden, dass wir deine Nachricht und Kontaktdaten speichern \u2013 nur, damit wir dir auch antworten k\u00f6nnen. Keine Sorge: Wir hassen Spam genauso wie du.<\/p>\n<div class=\"wp-block-button\"><button class=\"wp-block-button__link\" type=\"submit\">Absenden<\/button><\/div><\/form><\/div>\n<\/div><\/div>\n","protected":false},"excerpt":{"rendered":"<p>Formular ausf\u00fcllen? Das z\u00e4hlt schon als Produktivit\u00e4t.<\/p>\n","protected":false},"author":1,"featured_media":0,"parent":0,"menu_order":0,"comment_status":"closed","ping_status":"closed","template":"","meta":{"_eb_attr":"","ocean_post_layout":"","ocean_both_sidebars_style":"","ocean_both_sidebars_content_width":0,"ocean_both_sidebars_sidebars_width":0,"ocean_sidebar":"","ocean_second_sidebar":"","ocean_disable_margins":"enable","ocean_add_body_class":"","ocean_shortcode_before_top_bar":"","ocean_shortcode_after_top_bar":"","ocean_shortcode_before_header":"","ocean_shortcode_after_header":"","ocean_has_shortcode":"","ocean_shortcode_after_title":"","ocean_shortcode_before_footer_widgets":"","ocean_shortcode_after_footer_widgets":"","ocean_shortcode_before_footer_bottom":"","ocean_shortcode_after_footer_bottom":"","ocean_display_top_bar":"default","ocean_display_header":"default","ocean_header_style":"medium","ocean_center_header_left_menu":"","ocean_custom_header_template":"","ocean_custom_logo":0,"ocean_custom_retina_logo":0,"ocean_custom_logo_max_width":0,"ocean_custom_logo_tablet_max_width":0,"ocean_custom_logo_mobile_max_width":0,"ocean_custom_logo_max_height":0,"ocean_custom_logo_tablet_max_height":0,"ocean_custom_logo_mobile_max_height":0,"ocean_header_custom_menu":"","ocean_menu_typo_font_family":"","ocean_menu_typo_font_subset":"","ocean_menu_typo_font_size":0,"ocean_menu_typo_font_size_tablet":0,"ocean_menu_typo_font_size_mobile":0,"ocean_menu_typo_font_size_unit":"px","ocean_menu_typo_font_weight":"","ocean_menu_typo_font_weight_tablet":"","ocean_menu_typo_font_weight_mobile":"","ocean_menu_typo_transform":"","ocean_menu_typo_transform_tablet":"","ocean_menu_typo_transform_mobile":"","ocean_menu_typo_line_height":0,"ocean_menu_typo_line_height_tablet":0,"ocean_menu_typo_line_height_mobile":0,"ocean_menu_typo_line_height_unit":"","ocean_menu_typo_spacing":0,"ocean_menu_typo_spacing_tablet":0,"ocean_menu_typo_spacing_mobile":0,"ocean_menu_typo_spacing_unit":"","ocean_menu_link_color":"","ocean_menu_link_color_hover":"","ocean_menu_link_color_active":"","ocean_menu_link_background":"","ocean_menu_link_hover_background":"","ocean_menu_link_active_background":"","ocean_menu_social_links_bg":"","ocean_menu_social_hover_links_bg":"","ocean_menu_social_links_color":"","ocean_menu_social_hover_links_color":"","ocean_disable_title":"default","ocean_disable_heading":"on","ocean_post_title":"","ocean_post_subheading":"","ocean_post_title_style":"background-image","ocean_post_title_background_color":"","ocean_post_title_background":0,"ocean_post_title_bg_image_position":"","ocean_post_title_bg_image_attachment":"","ocean_post_title_bg_image_repeat":"","ocean_post_title_bg_image_size":"","ocean_post_title_height":0,"ocean_post_title_bg_overlay":0.5,"ocean_post_title_bg_overlay_color":"","ocean_disable_breadcrumbs":"off","ocean_breadcrumbs_color":"","ocean_breadcrumbs_separator_color":"","ocean_breadcrumbs_links_color":"","ocean_breadcrumbs_links_hover_color":"","ocean_display_footer_widgets":"default","ocean_display_footer_bottom":"default","ocean_custom_footer_template":"","_themeisle_gutenberg_block_has_review":false,"footnotes":""},"class_list":["post-26","page","type-page","status-publish","hentry","entry"],"featured_image_src":null,"yoast_head":"<!-- This site is optimized with the Yoast SEO plugin v27.2 - https:\/\/yoast.com\/product\/yoast-seo-wordpress\/ -->\n<title>Kontakt - LazyMind<\/title>\n<meta name=\"robots\" content=\"index, follow, max-snippet:-1, max-image-preview:large, max-video-preview:-1\" \/>\n<link rel=\"canonical\" href=\"https:\/\/lazymind.de\/index.php\/kontakt-2\/\" \/>\n<meta property=\"og:locale\" content=\"de_DE\" \/>\n<meta property=\"og:type\" content=\"article\" \/>\n<meta property=\"og:title\" content=\"Kontakt - LazyMind\" \/>\n<meta property=\"og:description\" content=\"Formular ausf\u00fcllen? Das z\u00e4hlt schon als Produktivit\u00e4t.\" \/>\n<meta property=\"og:url\" content=\"https:\/\/lazymind.de\/index.php\/kontakt-2\/\" \/>\n<meta property=\"og:site_name\" content=\"LazyMind\" \/>\n<meta property=\"article:modified_time\" content=\"2025-11-08T13:57:02+00:00\" \/>\n<meta property=\"og:image\" content=\"https:\/\/lazymind.de\/wp-content\/uploads\/2025\/11\/unnamed-2025-11-02T153739.133-edited.jpg\" \/>\n\t<meta property=\"og:image:width\" content=\"683\" \/>\n\t<meta property=\"og:image:height\" content=\"683\" \/>\n\t<meta property=\"og:image:type\" content=\"image\/jpeg\" \/>\n<meta name=\"twitter:card\" content=\"summary_large_image\" \/>\n<meta name=\"twitter:label1\" content=\"Gesch\u00e4tzte Lesezeit\" \/>\n\t<meta name=\"twitter:data1\" content=\"1\u00a0Minute\" \/>\n<script type=\"application\/ld+json\" class=\"yoast-schema-graph\">{\"@context\":\"https:\/\/schema.org\",\"@graph\":[{\"@type\":\"WebPage\",\"@id\":\"https:\/\/lazymind.de\/index.php\/kontakt-2\/\",\"url\":\"https:\/\/lazymind.de\/index.php\/kontakt-2\/\",\"name\":\"Kontakt - LazyMind\",\"isPartOf\":{\"@id\":\"https:\/\/lazymind.de\/#website\"},\"primaryImageOfPage\":{\"@id\":\"https:\/\/lazymind.de\/index.php\/kontakt-2\/#primaryimage\"},\"image\":{\"@id\":\"https:\/\/lazymind.de\/index.php\/kontakt-2\/#primaryimage\"},\"thumbnailUrl\":\"https:\/\/lazymind.de\/wp-content\/uploads\/2025\/11\/unnamed-2025-11-02T153739.133-edited.jpg\",\"datePublished\":\"2025-11-07T19:18:12+00:00\",\"dateModified\":\"2025-11-08T13:57:02+00:00\",\"breadcrumb\":{\"@id\":\"https:\/\/lazymind.de\/index.php\/kontakt-2\/#breadcrumb\"},\"inLanguage\":\"de\",\"potentialAction\":[{\"@type\":\"ReadAction\",\"target\":[\"https:\/\/lazymind.de\/index.php\/kontakt-2\/\"]}]},{\"@type\":\"ImageObject\",\"inLanguage\":\"de\",\"@id\":\"https:\/\/lazymind.de\/index.php\/kontakt-2\/#primaryimage\",\"url\":\"https:\/\/lazymind.de\/wp-content\/uploads\/2025\/11\/unnamed-2025-11-02T153739.133-edited.jpg\",\"contentUrl\":\"https:\/\/lazymind.de\/wp-content\/uploads\/2025\/11\/unnamed-2025-11-02T153739.133-edited.jpg\",\"width\":683,\"height\":683},{\"@type\":\"BreadcrumbList\",\"@id\":\"https:\/\/lazymind.de\/index.php\/kontakt-2\/#breadcrumb\",\"itemListElement\":[{\"@type\":\"ListItem\",\"position\":1,\"name\":\"Startseite\",\"item\":\"https:\/\/lazymind.de\/\"},{\"@type\":\"ListItem\",\"position\":2,\"name\":\"Kontakt\"}]},{\"@type\":\"WebSite\",\"@id\":\"https:\/\/lazymind.de\/#website\",\"url\":\"https:\/\/lazymind.de\/\",\"name\":\"LazyMind\",\"description\":\"\",\"publisher\":{\"@id\":\"https:\/\/lazymind.de\/#organization\"},\"potentialAction\":[{\"@type\":\"SearchAction\",\"target\":{\"@type\":\"EntryPoint\",\"urlTemplate\":\"https:\/\/lazymind.de\/?s={search_term_string}\"},\"query-input\":{\"@type\":\"PropertyValueSpecification\",\"valueRequired\":true,\"valueName\":\"search_term_string\"}}],\"inLanguage\":\"de\"},{\"@type\":\"Organization\",\"@id\":\"https:\/\/lazymind.de\/#organization\",\"name\":\"LazyMind\",\"url\":\"https:\/\/lazymind.de\/\",\"logo\":{\"@type\":\"ImageObject\",\"inLanguage\":\"de\",\"@id\":\"https:\/\/lazymind.de\/#\/schema\/logo\/image\/\",\"url\":\"https:\/\/lazymind.de\/wp-content\/uploads\/2025\/11\/cropped-Element-1lazymind-scaled-1.png\",\"contentUrl\":\"https:\/\/lazymind.de\/wp-content\/uploads\/2025\/11\/cropped-Element-1lazymind-scaled-1.png\",\"width\":2559,\"height\":756,\"caption\":\"LazyMind\"},\"image\":{\"@id\":\"https:\/\/lazymind.de\/#\/schema\/logo\/image\/\"}}]}<\/script>\n<!-- \/ Yoast SEO plugin. -->","yoast_head_json":{"title":"Kontakt - LazyMind","robots":{"index":"index","follow":"follow","max-snippet":"max-snippet:-1","max-image-preview":"max-image-preview:large","max-video-preview":"max-video-preview:-1"},"canonical":"https:\/\/lazymind.de\/index.php\/kontakt-2\/","og_locale":"de_DE","og_type":"article","og_title":"Kontakt - LazyMind","og_description":"Formular ausf\u00fcllen? Das z\u00e4hlt schon als Produktivit\u00e4t.","og_url":"https:\/\/lazymind.de\/index.php\/kontakt-2\/","og_site_name":"LazyMind","article_modified_time":"2025-11-08T13:57:02+00:00","og_image":[{"width":683,"height":683,"url":"https:\/\/lazymind.de\/wp-content\/uploads\/2025\/11\/unnamed-2025-11-02T153739.133-edited.jpg","type":"image\/jpeg"}],"twitter_card":"summary_large_image","twitter_misc":{"Gesch\u00e4tzte Lesezeit":"1\u00a0Minute"},"schema":{"@context":"https:\/\/schema.org","@graph":[{"@type":"WebPage","@id":"https:\/\/lazymind.de\/index.php\/kontakt-2\/","url":"https:\/\/lazymind.de\/index.php\/kontakt-2\/","name":"Kontakt - LazyMind","isPartOf":{"@id":"https:\/\/lazymind.de\/#website"},"primaryImageOfPage":{"@id":"https:\/\/lazymind.de\/index.php\/kontakt-2\/#primaryimage"},"image":{"@id":"https:\/\/lazymind.de\/index.php\/kontakt-2\/#primaryimage"},"thumbnailUrl":"https:\/\/lazymind.de\/wp-content\/uploads\/2025\/11\/unnamed-2025-11-02T153739.133-edited.jpg","datePublished":"2025-11-07T19:18:12+00:00","dateModified":"2025-11-08T13:57:02+00:00","breadcrumb":{"@id":"https:\/\/lazymind.de\/index.php\/kontakt-2\/#breadcrumb"},"inLanguage":"de","potentialAction":[{"@type":"ReadAction","target":["https:\/\/lazymind.de\/index.php\/kontakt-2\/"]}]},{"@type":"ImageObject","inLanguage":"de","@id":"https:\/\/lazymind.de\/index.php\/kontakt-2\/#primaryimage","url":"https:\/\/lazymind.de\/wp-content\/uploads\/2025\/11\/unnamed-2025-11-02T153739.133-edited.jpg","contentUrl":"https:\/\/lazymind.de\/wp-content\/uploads\/2025\/11\/unnamed-2025-11-02T153739.133-edited.jpg","width":683,"height":683},{"@type":"BreadcrumbList","@id":"https:\/\/lazymind.de\/index.php\/kontakt-2\/#breadcrumb","itemListElement":[{"@type":"ListItem","position":1,"name":"Startseite","item":"https:\/\/lazymind.de\/"},{"@type":"ListItem","position":2,"name":"Kontakt"}]},{"@type":"WebSite","@id":"https:\/\/lazymind.de\/#website","url":"https:\/\/lazymind.de\/","name":"LazyMind","description":"","publisher":{"@id":"https:\/\/lazymind.de\/#organization"},"potentialAction":[{"@type":"SearchAction","target":{"@type":"EntryPoint","urlTemplate":"https:\/\/lazymind.de\/?s={search_term_string}"},"query-input":{"@type":"PropertyValueSpecification","valueRequired":true,"valueName":"search_term_string"}}],"inLanguage":"de"},{"@type":"Organization","@id":"https:\/\/lazymind.de\/#organization","name":"LazyMind","url":"https:\/\/lazymind.de\/","logo":{"@type":"ImageObject","inLanguage":"de","@id":"https:\/\/lazymind.de\/#\/schema\/logo\/image\/","url":"https:\/\/lazymind.de\/wp-content\/uploads\/2025\/11\/cropped-Element-1lazymind-scaled-1.png","contentUrl":"https:\/\/lazymind.de\/wp-content\/uploads\/2025\/11\/cropped-Element-1lazymind-scaled-1.png","width":2559,"height":756,"caption":"LazyMind"},"image":{"@id":"https:\/\/lazymind.de\/#\/schema\/logo\/image\/"}}]}},"_links":{"self":[{"href":"https:\/\/lazymind.de\/index.php\/wp-json\/wp\/v2\/pages\/26","targetHints":{"allow":["GET"]}}],"collection":[{"href":"https:\/\/lazymind.de\/index.php\/wp-json\/wp\/v2\/pages"}],"about":[{"href":"https:\/\/lazymind.de\/index.php\/wp-json\/wp\/v2\/types\/page"}],"author":[{"embeddable":true,"href":"https:\/\/lazymind.de\/index.php\/wp-json\/wp\/v2\/users\/1"}],"replies":[{"embeddable":true,"href":"https:\/\/lazymind.de\/index.php\/wp-json\/wp\/v2\/comments?post=26"}],"version-history":[{"count":26,"href":"https:\/\/lazymind.de\/index.php\/wp-json\/wp\/v2\/pages\/26\/revisions"}],"predecessor-version":[{"id":284,"href":"https:\/\/lazymind.de\/index.php\/wp-json\/wp\/v2\/pages\/26\/revisions\/284"}],"wp:attachment":[{"href":"https:\/\/lazymind.de\/index.php\/wp-json\/wp\/v2\/media?parent=26"}],"curies":[{"name":"wp","href":"https:\/\/api.w.org\/{rel}","templated":true}]}}